{"id":38,"date":"2020-12-13T19:17:35","date_gmt":"2020-12-13T18:17:35","guid":{"rendered":"http:\/\/ramonconduit.com\/?page_id=38"},"modified":"2021-05-13T12:56:37","modified_gmt":"2021-05-13T10:56:37","slug":"home","status":"publish","type":"page","link":"https:\/\/ramonconduit.com\/","title":{"rendered":"Home"},"content":{"rendered":"\t\t<div data-elementor-type=\"wp-page\" data-elementor-id=\"38\" class=\"elementor elementor-38\">\n\t\t\t\t\t\t<section class=\"elementor-section elementor-top-section elementor-element elementor-element-aabb670 elementor-section-full_width elementor-section-height-min-height elementor-section-height-default elementor-section-items-middle\" data-id=\"aabb670\" data-element_type=\"section\" data-e-type=\"section\" data-settings=\"{&quot;background_background&quot;:&quot;classic&quot;}\">\n\t\t\t\t\t\t\t<div class=\"elementor-background-overlay\"><\/div>\n\t\t\t\t\t\t\t<div class=\"elementor-container elementor-column-gap-default\">\n\t\t\t\t\t<div class=\"elementor-column elementor-col-100 elementor-top-column elementor-element elementor-element-a65310c\" data-id=\"a65310c\" data-element_type=\"column\" data-e-type=\"column\">\n\t\t\t<div class=\"elementor-widget-wrap elementor-element-populated\">\n\t\t\t\t\t\t<div class=\"elementor-element elementor-element-ad8df20 elementor-widget elementor-widget-image\" data-id=\"ad8df20\" data-element_type=\"widget\" data-e-type=\"widget\" data-widget_type=\"image.default\">\n\t\t\t\t<div class=\"elementor-widget-container\">\n\t\t\t\t\t\t\t\t\t\t\t\t\t\t\t<img fetchpriority=\"high\" decoding=\"async\" width=\"782\" height=\"104\" src=\"https:\/\/ramonconduit.com\/wp-content\/uploads\/2020\/12\/RMC-long-blanc.png\" class=\"attachment-large size-large wp-image-33\" alt=\"\" srcset=\"https:\/\/ramonconduit.com\/wp-content\/uploads\/2020\/12\/RMC-long-blanc.png 782w, https:\/\/ramonconduit.com\/wp-content\/uploads\/2020\/12\/RMC-long-blanc-300x40.png 300w, https:\/\/ramonconduit.com\/wp-content\/uploads\/2020\/12\/RMC-long-blanc-768x102.png 768w\" sizes=\"(max-width: 782px) 100vw, 782px\" \/>\t\t\t\t\t\t\t\t\t\t\t\t\t\t\t<\/div>\n\t\t\t\t<\/div>\n\t\t\t\t<div class=\"elementor-element elementor-element-296f962 elementor-widget elementor-widget-heading\" data-id=\"296f962\" data-element_type=\"widget\" data-e-type=\"widget\" data-widget_type=\"heading.default\">\n\t\t\t\t<div class=\"elementor-widget-container\">\n\t\t\t\t\t<h5 class=\"elementor-heading-title elementor-size-default\">RMC : Ramone Mon Conduit<\/h5>\t\t\t\t<\/div>\n\t\t\t\t<\/div>\n\t\t\t\t<div class=\"elementor-element elementor-element-fade22f elementor-widget elementor-widget-heading\" data-id=\"fade22f\" data-element_type=\"widget\" data-e-type=\"widget\" data-widget_type=\"heading.default\">\n\t\t\t\t<div class=\"elementor-widget-container\">\n\t\t\t\t\t<h2 class=\"elementor-heading-title elementor-size-default\">Propret\u00e9, s\u00e9curit\u00e9. <\/h2>\t\t\t\t<\/div>\n\t\t\t\t<\/div>\n\t\t\t\t\t<\/div>\n\t\t<\/div>\n\t\t\t\t\t<\/div>\n\t\t<\/section>\n\t\t\t\t<section class=\"elementor-section elementor-top-section elementor-element elementor-element-566ef60 elementor-section-boxed elementor-section-height-default elementor-section-height-default\" data-id=\"566ef60\" data-element_type=\"section\" data-e-type=\"section\" data-settings=\"{&quot;background_background&quot;:&quot;classic&quot;}\">\n\t\t\t\t\t\t<div class=\"elementor-container elementor-column-gap-default\">\n\t\t\t\t\t<div class=\"elementor-column elementor-col-100 elementor-top-column elementor-element elementor-element-1556af6\" data-id=\"1556af6\" data-element_type=\"column\" data-e-type=\"column\">\n\t\t\t<div class=\"elementor-widget-wrap elementor-element-populated\">\n\t\t\t\t\t\t<div class=\"elementor-element elementor-element-5eb6e71 elementor-widget elementor-widget-heading\" data-id=\"5eb6e71\" data-element_type=\"widget\" data-e-type=\"widget\" data-widget_type=\"heading.default\">\n\t\t\t\t<div class=\"elementor-widget-container\">\n\t\t\t\t\t<h3 class=\"elementor-heading-title elementor-size-default\">RAMONAGE BOIS, GAZ, FUEL,NETTOYAGE DE TOITURES<\/h3>\t\t\t\t<\/div>\n\t\t\t\t<\/div>\n\t\t\t\t<div class=\"elementor-element elementor-element-976109b elementor-widget elementor-widget-text-editor\" data-id=\"976109b\" data-element_type=\"widget\" data-e-type=\"widget\" data-widget_type=\"text-editor.default\">\n\t\t\t\t<div class=\"elementor-widget-container\">\n\t\t\t\t\t\t\t\t\t<div>La soci\u00e9t\u00e9 RaMon&rsquo;Conduit propose des prestations de ramonage pour tout type de combustibles et de nettoyage \/ demoussage toiture.<\/div><div>RaMon\u2019Conduit vous propose aussi le D\u00e9bistrage de conduit de fum\u00e9e et\u00a0l\u2019entretien \/ d\u00e9pannage po\u00eales \u00e0 granul\u00e9s.\u00a0<\/div><div>Professionnel, je vous garantie un travail propre et soign\u00e9, tout en s\u00e9curit\u00e9.\u00a0\u00a0<\/div><div>Certificat d&rsquo;assurance d\u00e9livr\u00e9 en fin de prestation\u00a0<\/div><div>Ramoneur dipl\u00f4m\u00e9 et agr\u00e9\u00e9.\u00a0<\/div>\t\t\t\t\t\t\t\t<\/div>\n\t\t\t\t<\/div>\n\t\t\t\t<section class=\"elementor-section elementor-inner-section elementor-element elementor-element-27d64a0 elementor-section-boxed elementor-section-height-default elementor-section-height-default\" data-id=\"27d64a0\" data-element_type=\"section\" data-e-type=\"section\">\n\t\t\t\t\t\t<div class=\"elementor-container elementor-column-gap-default\">\n\t\t\t\t\t<div class=\"elementor-column elementor-col-50 elementor-inner-column elementor-element elementor-element-451188c\" data-id=\"451188c\" data-element_type=\"column\" data-e-type=\"column\" data-settings=\"{&quot;background_background&quot;:&quot;classic&quot;}\">\n\t\t\t<div class=\"elementor-widget-wrap elementor-element-populated\">\n\t\t\t\t\t<div class=\"elementor-background-overlay\"><\/div>\n\t\t\t\t\t\t<div class=\"elementor-element elementor-element-6a25623 elementor-widget elementor-widget-heading\" data-id=\"6a25623\" data-element_type=\"widget\" data-e-type=\"widget\" data-widget_type=\"heading.default\">\n\t\t\t\t<div class=\"elementor-widget-container\">\n\t\t\t\t\t<h2 class=\"elementor-heading-title elementor-size-default\">RAMONAGE<\/h2>\t\t\t\t<\/div>\n\t\t\t\t<\/div>\n\t\t\t\t<div class=\"elementor-element elementor-element-e9633b2 elementor-align-center elementor-widget elementor-widget-button\" data-id=\"e9633b2\" data-element_type=\"widget\" data-e-type=\"widget\" data-widget_type=\"button.default\">\n\t\t\t\t<div class=\"elementor-widget-container\">\n\t\t\t\t\t\t\t\t\t<div class=\"elementor-button-wrapper\">\n\t\t\t\t\t<a class=\"elementor-button elementor-button-link elementor-size-md elementor-animation-grow\" href=\"https:\/\/ramonconduit.com\/index.php\/ramonage\/\">\n\t\t\t\t\t\t<span class=\"elementor-button-content-wrapper\">\n\t\t\t\t\t\t\t\t\t<span class=\"elementor-button-text\">En savoir plus<\/span>\n\t\t\t\t\t<\/span>\n\t\t\t\t\t<\/a>\n\t\t\t\t<\/div>\n\t\t\t\t\t\t\t\t<\/div>\n\t\t\t\t<\/div>\n\t\t\t\t\t<\/div>\n\t\t<\/div>\n\t\t\t\t<div class=\"elementor-column elementor-col-50 elementor-inner-column elementor-element elementor-element-10d0312\" data-id=\"10d0312\" data-element_type=\"column\" data-e-type=\"column\" data-settings=\"{&quot;background_background&quot;:&quot;classic&quot;}\">\n\t\t\t<div class=\"elementor-widget-wrap elementor-element-populated\">\n\t\t\t\t\t<div class=\"elementor-background-overlay\"><\/div>\n\t\t\t\t\t\t<div class=\"elementor-element elementor-element-d6ed14c elementor-widget elementor-widget-heading\" data-id=\"d6ed14c\" data-element_type=\"widget\" data-e-type=\"widget\" data-widget_type=\"heading.default\">\n\t\t\t\t<div class=\"elementor-widget-container\">\n\t\t\t\t\t<h2 class=\"elementor-heading-title elementor-size-default\">ENTRETIEN TOITURE<\/h2>\t\t\t\t<\/div>\n\t\t\t\t<\/div>\n\t\t\t\t<div class=\"elementor-element elementor-element-6bdee95 elementor-align-center elementor-widget elementor-widget-button\" data-id=\"6bdee95\" data-element_type=\"widget\" data-e-type=\"widget\" data-widget_type=\"button.default\">\n\t\t\t\t<div class=\"elementor-widget-container\">\n\t\t\t\t\t\t\t\t\t<div class=\"elementor-button-wrapper\">\n\t\t\t\t\t<a class=\"elementor-button elementor-button-link elementor-size-md elementor-animation-grow\" href=\"https:\/\/ramonconduit.com\/index.php\/entretien-toiture\/\">\n\t\t\t\t\t\t<span class=\"elementor-button-content-wrapper\">\n\t\t\t\t\t\t\t\t\t<span class=\"elementor-button-text\">En savoir plus<\/span>\n\t\t\t\t\t<\/span>\n\t\t\t\t\t<\/a>\n\t\t\t\t<\/div>\n\t\t\t\t\t\t\t\t<\/div>\n\t\t\t\t<\/div>\n\t\t\t\t\t<\/div>\n\t\t<\/div>\n\t\t\t\t\t<\/div>\n\t\t<\/section>\n\t\t\t\t\t<\/div>\n\t\t<\/div>\n\t\t\t\t\t<\/div>\n\t\t<\/section>\n\t\t\t\t<section class=\"elementor-section elementor-top-section elementor-element elementor-element-6e1f153 elementor-section-boxed elementor-section-height-default elementor-section-height-default\" data-id=\"6e1f153\" data-element_type=\"section\" data-e-type=\"section\" data-settings=\"{&quot;background_background&quot;:&quot;classic&quot;}\">\n\t\t\t\t\t\t<div class=\"elementor-container elementor-column-gap-default\">\n\t\t\t\t\t<div class=\"elementor-column elementor-col-100 elementor-top-column elementor-element elementor-element-d335847\" data-id=\"d335847\" data-element_type=\"column\" data-e-type=\"column\">\n\t\t\t<div class=\"elementor-widget-wrap elementor-element-populated\">\n\t\t\t\t\t\t<div class=\"elementor-element elementor-element-81e65f8 elementor-align-center elementor-widget elementor-widget-button\" data-id=\"81e65f8\" data-element_type=\"widget\" data-e-type=\"widget\" data-widget_type=\"button.default\">\n\t\t\t\t<div class=\"elementor-widget-container\">\n\t\t\t\t\t\t\t\t\t<div class=\"elementor-button-wrapper\">\n\t\t\t\t\t<a class=\"elementor-button elementor-button-link elementor-size-md\" href=\"https:\/\/ramonconduit.com\/index.php\/contact\/\">\n\t\t\t\t\t\t<span class=\"elementor-button-content-wrapper\">\n\t\t\t\t\t\t\t\t\t<span class=\"elementor-button-text\">CONTACTEZ MOI<\/span>\n\t\t\t\t\t<\/span>\n\t\t\t\t\t<\/a>\n\t\t\t\t<\/div>\n\t\t\t\t\t\t\t\t<\/div>\n\t\t\t\t<\/div>\n\t\t\t\t\t<\/div>\n\t\t<\/div>\n\t\t\t\t\t<\/div>\n\t\t<\/section>\n\t\t\t\t<section class=\"elementor-section elementor-top-section elementor-element elementor-element-133dd2c elementor-section-boxed elementor-section-height-default elementor-section-height-default\" data-id=\"133dd2c\" data-element_type=\"section\" data-e-type=\"section\" data-settings=\"{&quot;background_background&quot;:&quot;classic&quot;}\">\n\t\t\t\t\t\t<div class=\"elementor-container elementor-column-gap-default\">\n\t\t\t\t\t<div class=\"elementor-column elementor-col-100 elementor-top-column elementor-element elementor-element-059f5a8\" data-id=\"059f5a8\" data-element_type=\"column\" data-e-type=\"column\">\n\t\t\t<div class=\"elementor-widget-wrap elementor-element-populated\">\n\t\t\t\t\t\t<div class=\"elementor-element elementor-element-48bc54b elementor-widget elementor-widget-text-editor\" data-id=\"48bc54b\" data-element_type=\"widget\" data-e-type=\"widget\" data-widget_type=\"text-editor.default\">\n\t\t\t\t<div class=\"elementor-widget-container\">\n\t\t\t\t\t\t\t\t\tSoci\u00e9t\u00e9 RaMon\u2019Conduit . SIRET 89052638700018 . 0616326270 . axelalainpro@gmail.com . Mr Alain Axel\t\t\t\t\t\t\t\t<\/div>\n\t\t\t\t<\/div>\n\t\t\t\t<div class=\"elementor-element elementor-element-ebc4574 elementor-widget elementor-widget-image\" data-id=\"ebc4574\" data-element_type=\"widget\" data-e-type=\"widget\" data-widget_type=\"image.default\">\n\t\t\t\t<div class=\"elementor-widget-container\">\n\t\t\t\t\t\t\t\t\t\t\t\t\t\t\t<img fetchpriority=\"high\" decoding=\"async\" width=\"782\" height=\"104\" src=\"https:\/\/ramonconduit.com\/wp-content\/uploads\/2020\/12\/RMC-long-blanc.png\" class=\"attachment-large size-large wp-image-33\" alt=\"\" srcset=\"https:\/\/ramonconduit.com\/wp-content\/uploads\/2020\/12\/RMC-long-blanc.png 782w, https:\/\/ramonconduit.com\/wp-content\/uploads\/2020\/12\/RMC-long-blanc-300x40.png 300w, https:\/\/ramonconduit.com\/wp-content\/uploads\/2020\/12\/RMC-long-blanc-768x102.png 768w\" sizes=\"(max-width: 782px) 100vw, 782px\" \/>\t\t\t\t\t\t\t\t\t\t\t\t\t\t\t<\/div>\n\t\t\t\t<\/div>\n\t\t\t\t\t<\/div>\n\t\t<\/div>\n\t\t\t\t\t<\/div>\n\t\t<\/section>\n\t\t\t\t<\/div>\n\t\t","protected":false},"excerpt":{"rendered":"<p>RMC : Ramone Mon Conduit Propret\u00e9, s\u00e9curit\u00e9. RAMONAGE BOIS, GAZ, FUEL,NETTOYAGE DE TOITURES La soci\u00e9t\u00e9 RaMon&rsquo;Conduit propose des prestations de ramonage pour tout type de combustibles et de nettoyage \/ demoussage toiture.RaMon\u2019Conduit vous propose aussi le D\u00e9bistrage de conduit de fum\u00e9e et\u00a0l\u2019entretien \/ d\u00e9pannage po\u00eales \u00e0 granul\u00e9s.\u00a0Professionnel, je vous garantie un travail propre et soign\u00e9, [&hellip;]<\/p>\n","protected":false},"author":3,"featured_media":0,"parent":0,"menu_order":0,"comment_status":"closed","ping_status":"closed","template":"elementor_canvas","meta":{"footnotes":""},"class_list":["post-38","page","type-page","status-publish","hentry"],"_links":{"self":[{"href":"https:\/\/ramonconduit.com\/index.php\/wp-json\/wp\/v2\/pages\/38","targetHints":{"allow":["GET"]}}],"collection":[{"href":"https:\/\/ramonconduit.com\/index.php\/wp-json\/wp\/v2\/pages"}],"about":[{"href":"https:\/\/ramonconduit.com\/index.php\/wp-json\/wp\/v2\/types\/page"}],"author":[{"embeddable":true,"href":"https:\/\/ramonconduit.com\/index.php\/wp-json\/wp\/v2\/users\/3"}],"replies":[{"embeddable":true,"href":"https:\/\/ramonconduit.com\/index.php\/wp-json\/wp\/v2\/comments?post=38"}],"version-history":[{"count":77,"href":"https:\/\/ramonconduit.com\/index.php\/wp-json\/wp\/v2\/pages\/38\/revisions"}],"predecessor-version":[{"id":250,"href":"https:\/\/ramonconduit.com\/index.php\/wp-json\/wp\/v2\/pages\/38\/revisions\/250"}],"wp:attachment":[{"href":"https:\/\/ramonconduit.com\/index.php\/wp-json\/wp\/v2\/media?parent=38"}],"curies":[{"name":"wp","href":"https:\/\/api.w.org\/{rel}","templated":true}]}}