{"id":95,"date":"2021-04-21T17:56:31","date_gmt":"2021-04-21T15:56:31","guid":{"rendered":"http:\/\/ramonconduit.com\/?page_id=95"},"modified":"2021-04-21T20:01:11","modified_gmt":"2021-04-21T18:01:11","slug":"ramonage","status":"publish","type":"page","link":"https:\/\/ramonconduit.com\/index.php\/ramonage\/","title":{"rendered":"Ramonage"},"content":{"rendered":"\t\t<div data-elementor-type=\"wp-page\" data-elementor-id=\"95\" class=\"elementor elementor-95\">\n\t\t\t\t\t\t<section class=\"elementor-section elementor-top-section elementor-element elementor-element-6fe4e89 elementor-section-height-min-height elementor-section-boxed elementor-section-height-default elementor-section-items-middle\" data-id=\"6fe4e89\" data-element_type=\"section\" data-e-type=\"section\" data-settings=\"{&quot;background_background&quot;:&quot;classic&quot;}\">\n\t\t\t\t\t\t\t<div class=\"elementor-background-overlay\"><\/div>\n\t\t\t\t\t\t\t<div class=\"elementor-container elementor-column-gap-default\">\n\t\t\t\t\t<div class=\"elementor-column elementor-col-50 elementor-top-column elementor-element elementor-element-8d0d21a\" data-id=\"8d0d21a\" data-element_type=\"column\" data-e-type=\"column\">\n\t\t\t<div class=\"elementor-widget-wrap elementor-element-populated\">\n\t\t\t\t\t\t<div class=\"elementor-element elementor-element-55e2496 elementor-align-center elementor-widget elementor-widget-button\" data-id=\"55e2496\" data-element_type=\"widget\" data-e-type=\"widget\" data-widget_type=\"button.default\">\n\t\t\t\t<div class=\"elementor-widget-container\">\n\t\t\t\t\t\t\t\t\t<div class=\"elementor-button-wrapper\">\n\t\t\t\t\t<a class=\"elementor-button elementor-button-link elementor-size-md elementor-animation-grow\" href=\"https:\/\/ramonconduit.com\/\">\n\t\t\t\t\t\t<span class=\"elementor-button-content-wrapper\">\n\t\t\t\t\t\t\t\t\t<span class=\"elementor-button-text\">Home<\/span>\n\t\t\t\t\t<\/span>\n\t\t\t\t\t<\/a>\n\t\t\t\t<\/div>\n\t\t\t\t\t\t\t\t<\/div>\n\t\t\t\t<\/div>\n\t\t\t\t\t<\/div>\n\t\t<\/div>\n\t\t\t\t<div class=\"elementor-column elementor-col-50 elementor-top-column elementor-element elementor-element-48d2392\" data-id=\"48d2392\" data-element_type=\"column\" data-e-type=\"column\">\n\t\t\t<div class=\"elementor-widget-wrap elementor-element-populated\">\n\t\t\t\t\t\t<div class=\"elementor-element elementor-element-22eb447 elementor-align-center elementor-widget elementor-widget-button\" data-id=\"22eb447\" data-element_type=\"widget\" data-e-type=\"widget\" data-widget_type=\"button.default\">\n\t\t\t\t<div class=\"elementor-widget-container\">\n\t\t\t\t\t\t\t\t\t<div class=\"elementor-button-wrapper\">\n\t\t\t\t\t<a class=\"elementor-button elementor-button-link elementor-size-md elementor-animation-grow\" href=\"https:\/\/ramonconduit.com\/index.php\/contact\/\">\n\t\t\t\t\t\t<span class=\"elementor-button-content-wrapper\">\n\t\t\t\t\t\t\t\t\t<span class=\"elementor-button-text\">Contact<\/span>\n\t\t\t\t\t<\/span>\n\t\t\t\t\t<\/a>\n\t\t\t\t<\/div>\n\t\t\t\t\t\t\t\t<\/div>\n\t\t\t\t<\/div>\n\t\t\t\t\t<\/div>\n\t\t<\/div>\n\t\t\t\t\t<\/div>\n\t\t<\/section>\n\t\t\t\t<section class=\"elementor-section elementor-top-section elementor-element elementor-element-a6cefed elementor-section-boxed elementor-section-height-default elementor-section-height-default\" data-id=\"a6cefed\" data-element_type=\"section\" data-e-type=\"section\" data-settings=\"{&quot;background_background&quot;:&quot;classic&quot;}\">\n\t\t\t\t\t\t<div class=\"elementor-container elementor-column-gap-default\">\n\t\t\t\t\t<div class=\"elementor-column elementor-col-100 elementor-top-column elementor-element elementor-element-5c7e85b\" data-id=\"5c7e85b\" data-element_type=\"column\" data-e-type=\"column\">\n\t\t\t<div class=\"elementor-widget-wrap elementor-element-populated\">\n\t\t\t\t\t\t<div class=\"elementor-element elementor-element-3307cb9 elementor-widget elementor-widget-heading\" data-id=\"3307cb9\" data-element_type=\"widget\" data-e-type=\"widget\" data-widget_type=\"heading.default\">\n\t\t\t\t<div class=\"elementor-widget-container\">\n\t\t\t\t\t<h3 class=\"elementor-heading-title elementor-size-default\">RAMONAGE<\/h3>\t\t\t\t<\/div>\n\t\t\t\t<\/div>\n\t\t\t\t<section class=\"elementor-section elementor-inner-section elementor-element elementor-element-6319fc1 elementor-section-boxed elementor-section-height-default elementor-section-height-default\" data-id=\"6319fc1\" data-element_type=\"section\" data-e-type=\"section\">\n\t\t\t\t\t\t<div class=\"elementor-container elementor-column-gap-default\">\n\t\t\t\t\t<div class=\"elementor-column elementor-col-50 elementor-inner-column elementor-element elementor-element-685c167\" data-id=\"685c167\" data-element_type=\"column\" data-e-type=\"column\">\n\t\t\t<div class=\"elementor-widget-wrap elementor-element-populated\">\n\t\t\t\t\t\t<div class=\"elementor-element elementor-element-77e3a57 elementor-widget elementor-widget-image\" data-id=\"77e3a57\" data-element_type=\"widget\" data-e-type=\"widget\" data-widget_type=\"image.default\">\n\t\t\t\t<div class=\"elementor-widget-container\">\n\t\t\t\t\t\t\t\t\t\t\t\t\t\t\t<img fetchpriority=\"high\" decoding=\"async\" width=\"720\" height=\"960\" src=\"https:\/\/ramonconduit.com\/wp-content\/uploads\/2021\/04\/FB_IMG_1617999918770.jpg\" class=\"attachment-full size-full wp-image-161\" alt=\"\" srcset=\"https:\/\/ramonconduit.com\/wp-content\/uploads\/2021\/04\/FB_IMG_1617999918770.jpg 720w, https:\/\/ramonconduit.com\/wp-content\/uploads\/2021\/04\/FB_IMG_1617999918770-225x300.jpg 225w\" sizes=\"(max-width: 720px) 100vw, 720px\" \/>\t\t\t\t\t\t\t\t\t\t\t\t\t\t\t<\/div>\n\t\t\t\t<\/div>\n\t\t\t\t\t<\/div>\n\t\t<\/div>\n\t\t\t\t<div class=\"elementor-column elementor-col-50 elementor-inner-column elementor-element elementor-element-a5de155\" data-id=\"a5de155\" data-element_type=\"column\" data-e-type=\"column\">\n\t\t\t<div class=\"elementor-widget-wrap elementor-element-populated\">\n\t\t\t\t\t\t<div class=\"elementor-element elementor-element-52535d0 elementor-widget elementor-widget-text-editor\" data-id=\"52535d0\" data-element_type=\"widget\" data-e-type=\"widget\" data-widget_type=\"text-editor.default\">\n\t\t\t\t<div class=\"elementor-widget-container\">\n\t\t\t\t\t\t\t\t\t<p>Le ramonage de la chemin\u00e9e est important, car il participe directement de son entretien. Son principal effet vous permet d\u2019\u00e9viter le risque d\u2019intoxication au monoxyde de carbone, mais \u00e9galement le risque d\u2019incendie, deux risques provoqu\u00e9s directement par un encrassement de la chemin\u00e9e. En effet, lorsque vous utilisez cette derni\u00e8re, les suies de combustion et le goudron se d\u00e9posent sur les parois du conduit, ce qui le bouche peu \u00e0 peu.<\/p><p>En outre, ramoner sa chemin\u00e9e permet d\u2019am\u00e9liorer son rendement, ce qui vous permet de r\u00e9aliser des \u00e9conomies d\u2019\u00e9nergie non n\u00e9gligeables et d\u2019\u00e9viter une surconsommation.<\/p>\t\t\t\t\t\t\t\t<\/div>\n\t\t\t\t<\/div>\n\t\t\t\t\t<\/div>\n\t\t<\/div>\n\t\t\t\t\t<\/div>\n\t\t<\/section>\n\t\t\t\t<div class=\"elementor-element elementor-element-3c63773 elementor-widget elementor-widget-text-editor\" data-id=\"3c63773\" data-element_type=\"widget\" data-e-type=\"widget\" data-widget_type=\"text-editor.default\">\n\t\t\t\t<div class=\"elementor-widget-container\">\n\t\t\t\t\t\t\t\t\t<p>Extrait du R\u00e8glement Sanitaire D\u00e9partemental Type article 31.6 :<\/p><p>\u00ab\u00a0Entretien, nettoyage et ramonage des conduits de fum\u00e9e et de ventilation: Les conduits de fum\u00e9e habituellement en fonctionnement et desservant des locaux d&rsquo;habitation et des locaux professionnels annexes doivent \u00eatre ramon\u00e9s deux fois par an, dont une fois pendant la p\u00e9riode d&rsquo;utilisation. Ces op\u00e9rations sont effectu\u00e9es \u00e0 l&rsquo;initiative de l&rsquo;utilisateur pour les conduits desservant des appareils individuels, ou du propri\u00e9taire ou du gestionnaire s&rsquo;ils desservent des appareils collectifs.<\/p><p>Elles doivent \u00eatre effectu\u00e9es par une entreprise qualifi\u00e9e \u00e0 cet\u00a0 effet par l&rsquo;Organisme Professionnel de Qualification et\u00a0 de Classification du B\u00e2timent. Un certificat\u00a0 de ramonage doit \u00eatre remis \u00e0 l&rsquo;usager pr\u00e9cisant le ou les conduits de fum\u00e9e ramon\u00e9s et attestant notamment de la vacuit\u00e9 du conduit sur toute sa longueur.\u00a0\u00bb<\/p><p>Sachez par ailleurs que si un sinistre survient, votre assureur vous demandera le certificat de ramonage et la facture qui peuvent prouver que l\u2019entretien a \u00e9t\u00e9 correctement r\u00e9alis\u00e9. Dans le cas contraire, il peut d\u00e9cider de ne pas vous indemniser.<\/p>\t\t\t\t\t\t\t\t<\/div>\n\t\t\t\t<\/div>\n\t\t\t\t<div class=\"elementor-element elementor-element-d7777d4 elementor-align-center elementor-widget elementor-widget-button\" data-id=\"d7777d4\" data-element_type=\"widget\" data-e-type=\"widget\" data-widget_type=\"button.default\">\n\t\t\t\t<div class=\"elementor-widget-container\">\n\t\t\t\t\t\t\t\t\t<div class=\"elementor-button-wrapper\">\n\t\t\t\t\t<a class=\"elementor-button elementor-button-link elementor-size-md\" href=\"https:\/\/ramonconduit.com\/index.php\/tarifs-ramonage\/\">\n\t\t\t\t\t\t<span class=\"elementor-button-content-wrapper\">\n\t\t\t\t\t\t\t\t\t<span class=\"elementor-button-text\">Tarifs<\/span>\n\t\t\t\t\t<\/span>\n\t\t\t\t\t<\/a>\n\t\t\t\t<\/div>\n\t\t\t\t\t\t\t\t<\/div>\n\t\t\t\t<\/div>\n\t\t\t\t\t<\/div>\n\t\t<\/div>\n\t\t\t\t\t<\/div>\n\t\t<\/section>\n\t\t\t\t<section class=\"elementor-section elementor-top-section elementor-element elementor-element-10429ca elementor-section-boxed elementor-section-height-default elementor-section-height-default\" data-id=\"10429ca\" data-element_type=\"section\" data-e-type=\"section\" data-settings=\"{&quot;background_background&quot;:&quot;classic&quot;}\">\n\t\t\t\t\t\t<div class=\"elementor-container elementor-column-gap-default\">\n\t\t\t\t\t<div class=\"elementor-column elementor-col-100 elementor-top-column elementor-element elementor-element-5ffacc3\" data-id=\"5ffacc3\" data-element_type=\"column\" data-e-type=\"column\">\n\t\t\t<div class=\"elementor-widget-wrap elementor-element-populated\">\n\t\t\t\t\t\t<div class=\"elementor-element elementor-element-a05fcfd elementor-widget elementor-widget-text-editor\" data-id=\"a05fcfd\" data-element_type=\"widget\" data-e-type=\"widget\" data-widget_type=\"text-editor.default\">\n\t\t\t\t<div class=\"elementor-widget-container\">\n\t\t\t\t\t\t\t\t\tSoci\u00e9t\u00e9 RaMon\u2019Conduit . SIRET 89052638700018 . 0616326270 . axelalainpro@gmail.com . Mr Alain Axel\t\t\t\t\t\t\t\t<\/div>\n\t\t\t\t<\/div>\n\t\t\t\t<div class=\"elementor-element elementor-element-1767b9d elementor-widget elementor-widget-image\" data-id=\"1767b9d\" data-element_type=\"widget\" data-e-type=\"widget\" data-widget_type=\"image.default\">\n\t\t\t\t<div class=\"elementor-widget-container\">\n\t\t\t\t\t\t\t\t\t\t\t\t\t\t\t<img decoding=\"async\" width=\"782\" height=\"104\" src=\"https:\/\/ramonconduit.com\/wp-content\/uploads\/2020\/12\/RMC-long-blanc.png\" class=\"attachment-large size-large wp-image-33\" alt=\"\" srcset=\"https:\/\/ramonconduit.com\/wp-content\/uploads\/2020\/12\/RMC-long-blanc.png 782w, https:\/\/ramonconduit.com\/wp-content\/uploads\/2020\/12\/RMC-long-blanc-300x40.png 300w, https:\/\/ramonconduit.com\/wp-content\/uploads\/2020\/12\/RMC-long-blanc-768x102.png 768w\" sizes=\"(max-width: 782px) 100vw, 782px\" \/>\t\t\t\t\t\t\t\t\t\t\t\t\t\t\t<\/div>\n\t\t\t\t<\/div>\n\t\t\t\t\t<\/div>\n\t\t<\/div>\n\t\t\t\t\t<\/div>\n\t\t<\/section>\n\t\t\t\t<\/div>\n\t\t","protected":false},"excerpt":{"rendered":"<p>Home Contact RAMONAGE Le ramonage de la chemin\u00e9e est important, car il participe directement de son entretien. Son principal effet vous permet d\u2019\u00e9viter le risque d\u2019intoxication au monoxyde de carbone, mais \u00e9galement le risque d\u2019incendie, deux risques provoqu\u00e9s directement par un encrassement de la chemin\u00e9e. En effet, lorsque vous utilisez cette derni\u00e8re, les suies de [&hellip;]<\/p>\n","protected":false},"author":3,"featured_media":0,"parent":0,"menu_order":0,"comment_status":"closed","ping_status":"closed","template":"elementor_canvas","meta":{"footnotes":""},"class_list":["post-95","page","type-page","status-publish","hentry"],"_links":{"self":[{"href":"https:\/\/ramonconduit.com\/index.php\/wp-json\/wp\/v2\/pages\/95","targetHints":{"allow":["GET"]}}],"collection":[{"href":"https:\/\/ramonconduit.com\/index.php\/wp-json\/wp\/v2\/pages"}],"about":[{"href":"https:\/\/ramonconduit.com\/index.php\/wp-json\/wp\/v2\/types\/page"}],"author":[{"embeddable":true,"href":"https:\/\/ramonconduit.com\/index.php\/wp-json\/wp\/v2\/users\/3"}],"replies":[{"embeddable":true,"href":"https:\/\/ramonconduit.com\/index.php\/wp-json\/wp\/v2\/comments?post=95"}],"version-history":[{"count":29,"href":"https:\/\/ramonconduit.com\/index.php\/wp-json\/wp\/v2\/pages\/95\/revisions"}],"predecessor-version":[{"id":195,"href":"https:\/\/ramonconduit.com\/index.php\/wp-json\/wp\/v2\/pages\/95\/revisions\/195"}],"wp:attachment":[{"href":"https:\/\/ramonconduit.com\/index.php\/wp-json\/wp\/v2\/media?parent=95"}],"curies":[{"name":"wp","href":"https:\/\/api.w.org\/{rel}","templated":true}]}}